{"id":9488,"date":"2024-06-03T10:04:59","date_gmt":"2024-06-03T10:04:59","guid":{"rendered":"https:\/\/casalgarcia.com\/product\/casal-garcia-tote-bag\/"},"modified":"2024-09-02T17:04:43","modified_gmt":"2024-09-02T17:04:43","slug":"casal-garcia-tote-bag","status":"publish","type":"product","link":"https:\/\/casalgarcia.com\/de\/product\/casal-garcia-tote-bag\/","title":{"rendered":"Casal Garcia-Tote Bag"},"content":{"rendered":"[vc_row type=&#8220;in_container&#8220; full_screen_row_position=&#8220;middle&#8220; column_margin=&#8220;default&#8220; column_direction=&#8220;default&#8220; column_direction_tablet=&#8220;default&#8220; column_direction_phone=&#8220;default&#8220; scene_position=&#8220;center&#8220; text_color=&#8220;dark&#8220; text_align=&#8220;left&#8220; row_border_radius=&#8220;none&#8220; row_border_radius_applies=&#8220;bg&#8220; overflow=&#8220;visible&#8220; overlay_strength=&#8220;0.3&#8243; gradient_direction=&#8220;left_to_right&#8220; shape_divider_position=&#8220;bottom&#8220; bg_image_animation=&#8220;none&#8220;][vc_column column_padding=&#8220;no-extra-padding&#8220; column_padding_tablet=&#8220;inherit&#8220; column_padding_phone=&#8220;inherit&#8220; column_padding_position=&#8220;all&#8220; column_element_direction_desktop=&#8220;default&#8220; column_element_spacing=&#8220;default&#8220; desktop_text_alignment=&#8220;default&#8220; tablet_text_alignment=&#8220;default&#8220; phone_text_alignment=&#8220;default&#8220; background_color_opacity=&#8220;1&#8243; background_hover_color_opacity=&#8220;1&#8243; column_backdrop_filter=&#8220;none&#8220; column_shadow=&#8220;none&#8220; column_border_radius=&#8220;none&#8220; column_link_target=&#8220;_self&#8220; column_position=&#8220;default&#8220; gradient_direction=&#8220;left_to_right&#8220; overlay_strength=&#8220;0.3&#8243; width=&#8220;1\/1&#8243; tablet_width_inherit=&#8220;default&#8220; animation_type=&#8220;default&#8220; bg_image_animation=&#8220;none&#8220; border_type=&#8220;simple&#8220; column_border_width=&#8220;none&#8220; column_border_style=&#8220;solid&#8220;][vc_column_text]Mittelgro\u00dfe Tote Bag mit ausziehbarem Boden. Einschlie\u00dflich Innentasche. Doppelgriffe in der richtigen L\u00e4nge f\u00fcr bequemes Tragen, sowohl in der Hand als auch an der Schulter. Alegria-Muster auf der Vorderseite. Sehr praktisch und vielseitig, um alle wichtigen Dinge des Alltags zu transportieren. Unverzichtbar f\u00fcr die t\u00e4gliche Alegria![\/vc_column_text][vc_raw_js]JTNDc2NyaXB0JTNFJTBBJTJGJTJGJTIwV2FpdCUyMGZvciUyMHRoZSUyMERPTSUyMHRvJTIwZnVsbHklMjBsb2FkJTBBZG9jdW1lbnQuYWRkRXZlbnRMaXN0ZW5lciUyOCUyMkRPTUNvbnRlbnRMb2FkZWQlMjIlMkMlMjBmdW5jdGlvbiUyOCUyOSUyMCU3QiUwQSUyMCUyMCUyMCUyMCUyRiUyRiUyMFNlbGVjdCUyMHRoZSUyMHNwYW4lMjBlbGVtZW50JTIwd2l0aCUyMHRoZSUyMGNsYXNzJTIwJTI3c2hhcmUtYnRuJTI3JTBBJTIwJTIwJTIwJTIwdmFyJTIwc2hhcmVCdXR0b24lMjAlM0QlMjBkb2N1bWVudC5xdWVyeVNlbGVjdG9yJTI4JTI3LnRvb2dhcy1zb2NpYWwlMjAuc2hhcmUtYnRuJTI3JTI5JTNCJTBBJTBBJTIwJTIwJTIwJTIwJTJGJTJGJTIwSWYlMjB0aGUlMjBlbGVtZW50JTIwZXhpc3RzJTJDJTIwY2hhbmdlJTIwaXRzJTIwdGV4dCUyMGNvbnRlbnQlMEElMjAlMjAlMjAlMjBpZiUyMCUyOHNoYXJlQnV0dG9uJTI5JTIwJTdCJTBBJTIwJTIwJTIwJTIwJTIwJTIwJTIwJTIwc2hhcmVCdXR0b24uaW5uZXJIVE1MJTIwJTNEJTIwJTI3JTNDaSUyMGNsYXNzJTNEJTIydC1pY29uJTIwc2hhcmUtaWNvbiUyMiUzRSUzQyUyRmklM0UlMjBGcmV1ZGUlMjB0ZWlsZW4lMjclM0IlMEElMjAlMjAlMjAlMjAlN0QlMEElN0QlMjklM0IlMEElM0MlMkZzY3JpcHQlM0U=[\/vc_raw_js][\/vc_column][\/vc_row]\n","protected":false},"excerpt":{"rendered":"<p>Alegria, take it all<\/p>\n","protected":false},"featured_media":4450,"template":"","meta":{"_acf_changed":false,"inline_featured_image":false,"_monsterinsights_skip_tracking":false,"_monsterinsights_sitenote_active":false,"_monsterinsights_sitenote_note":"","_monsterinsights_sitenote_category":0},"product_brand":[],"product_cat":[125],"product_tag":[],"class_list":{"0":"post-9488","1":"product","2":"type-product","3":"status-publish","4":"has-post-thumbnail","6":"product_cat-de","8":"first","9":"instock","10":"shipping-taxable","11":"purchasable","12":"product-type-simple"},"acf":[],"yoast_head":"<!-- This site is optimized with the Yoast SEO plugin v25.8 - https:\/\/yoast.com\/wordpress\/plugins\/seo\/ -->\n<title>Casal Garcia-Tote Bag - Casal Garcia<\/title>\n<meta name=\"robots\" content=\"index, follow, max-snippet:-1, max-image-preview:large, max-video-preview:-1\" \/>\n<link rel=\"canonical\" href=\"https:\/\/casalgarcia.com\/product\/tote-bag-casal-garcia\/\" \/>\n<meta property=\"og:locale\" content=\"de_DE\" \/>\n<meta property=\"og:type\" content=\"article\" \/>\n<meta property=\"og:title\" content=\"Casal Garcia-Tote Bag - Casal Garcia\" \/>\n<meta property=\"og:description\" content=\"Alegria, take it all\" \/>\n<meta property=\"og:url\" content=\"https:\/\/casalgarcia.com\/product\/tote-bag-casal-garcia\/\" \/>\n<meta property=\"og:site_name\" content=\"Casal Garcia\" \/>\n<meta property=\"article:modified_time\" content=\"2024-09-02T17:04:43+00:00\" \/>\n<meta property=\"og:image\" content=\"https:\/\/casalgarcia.com\/wp-content\/uploads\/2024\/06\/2-Tote-bag-Casal-Garcia.webp\" \/>\n\t<meta property=\"og:image:width\" content=\"1365\" \/>\n\t<meta property=\"og:image:height\" content=\"2048\" \/>\n\t<meta property=\"og:image:type\" content=\"image\/webp\" \/>\n<meta name=\"twitter:card\" content=\"summary_large_image\" \/>\n<meta name=\"twitter:label1\" content=\"Gesch\u00e4tzte Lesezeit\" \/>\n\t<meta name=\"twitter:data1\" content=\"1\u00a0Minute\" \/>\n<script type=\"application\/ld+json\" class=\"yoast-schema-graph\">{\"@context\":\"https:\/\/schema.org\",\"@graph\":[{\"@type\":\"WebPage\",\"@id\":\"https:\/\/casalgarcia.com\/product\/tote-bag-casal-garcia\/\",\"url\":\"https:\/\/casalgarcia.com\/product\/tote-bag-casal-garcia\/\",\"name\":\"Casal Garcia-Tote Bag - Casal Garcia\",\"isPartOf\":{\"@id\":\"https:\/\/casalgarcia.com\/#website\"},\"primaryImageOfPage\":{\"@id\":\"https:\/\/casalgarcia.com\/product\/tote-bag-casal-garcia\/#primaryimage\"},\"image\":{\"@id\":\"https:\/\/casalgarcia.com\/product\/tote-bag-casal-garcia\/#primaryimage\"},\"thumbnailUrl\":\"https:\/\/casalgarcia.com\/wp-content\/uploads\/2024\/06\/2-Tote-bag-Casal-Garcia.webp\",\"datePublished\":\"2024-06-03T10:04:59+00:00\",\"dateModified\":\"2024-09-02T17:04:43+00:00\",\"breadcrumb\":{\"@id\":\"https:\/\/casalgarcia.com\/product\/tote-bag-casal-garcia\/#breadcrumb\"},\"inLanguage\":\"de\",\"potentialAction\":[{\"@type\":\"ReadAction\",\"target\":[\"https:\/\/casalgarcia.com\/product\/tote-bag-casal-garcia\/\"]}]},{\"@type\":\"ImageObject\",\"inLanguage\":\"de\",\"@id\":\"https:\/\/casalgarcia.com\/product\/tote-bag-casal-garcia\/#primaryimage\",\"url\":\"https:\/\/casalgarcia.com\/wp-content\/uploads\/2024\/06\/2-Tote-bag-Casal-Garcia.webp\",\"contentUrl\":\"https:\/\/casalgarcia.com\/wp-content\/uploads\/2024\/06\/2-Tote-bag-Casal-Garcia.webp\",\"width\":1365,\"height\":2048,\"caption\":\"Tote bag Casal Garcia\"},{\"@type\":\"BreadcrumbList\",\"@id\":\"https:\/\/casalgarcia.com\/product\/tote-bag-casal-garcia\/#breadcrumb\",\"itemListElement\":[{\"@type\":\"ListItem\",\"position\":1,\"name\":\"In\u00edcio\",\"item\":\"https:\/\/casalgarcia.com\/de\/\"},{\"@type\":\"ListItem\",\"position\":2,\"name\":\"Produtos\",\"item\":\"https:\/\/casalgarcia.com\/pt-br\/shop\/\"},{\"@type\":\"ListItem\",\"position\":3,\"name\":\"Casal Garcia-Tote Bag\"}]},{\"@type\":\"WebSite\",\"@id\":\"https:\/\/casalgarcia.com\/#website\",\"url\":\"https:\/\/casalgarcia.com\/\",\"name\":\"Casal Garcia\",\"description\":\"\",\"publisher\":{\"@id\":\"https:\/\/casalgarcia.com\/#organization\"},\"potentialAction\":[{\"@type\":\"SearchAction\",\"target\":{\"@type\":\"EntryPoint\",\"urlTemplate\":\"https:\/\/casalgarcia.com\/?s={search_term_string}\"},\"query-input\":{\"@type\":\"PropertyValueSpecification\",\"valueRequired\":true,\"valueName\":\"search_term_string\"}}],\"inLanguage\":\"de\"},{\"@type\":\"Organization\",\"@id\":\"https:\/\/casalgarcia.com\/#organization\",\"name\":\"Casal Garcia\",\"url\":\"https:\/\/casalgarcia.com\/\",\"logo\":{\"@type\":\"ImageObject\",\"inLanguage\":\"de\",\"@id\":\"https:\/\/casalgarcia.com\/#\/schema\/logo\/image\/\",\"url\":\"\",\"contentUrl\":\"\",\"caption\":\"Casal Garcia\"},\"image\":{\"@id\":\"https:\/\/casalgarcia.com\/#\/schema\/logo\/image\/\"}}]}<\/script>\n<!-- \/ Yoast SEO plugin. -->","yoast_head_json":{"title":"Casal Garcia-Tote Bag - Casal Garcia","robots":{"index":"index","follow":"follow","max-snippet":"max-snippet:-1","max-image-preview":"max-image-preview:large","max-video-preview":"max-video-preview:-1"},"canonical":"https:\/\/casalgarcia.com\/product\/tote-bag-casal-garcia\/","og_locale":"de_DE","og_type":"article","og_title":"Casal Garcia-Tote Bag - Casal Garcia","og_description":"Alegria, take it all","og_url":"https:\/\/casalgarcia.com\/product\/tote-bag-casal-garcia\/","og_site_name":"Casal Garcia","article_modified_time":"2024-09-02T17:04:43+00:00","og_image":[{"width":1365,"height":2048,"url":"https:\/\/casalgarcia.com\/wp-content\/uploads\/2024\/06\/2-Tote-bag-Casal-Garcia.webp","type":"image\/webp"}],"twitter_card":"summary_large_image","twitter_misc":{"Gesch\u00e4tzte Lesezeit":"1\u00a0Minute"},"schema":{"@context":"https:\/\/schema.org","@graph":[{"@type":"WebPage","@id":"https:\/\/casalgarcia.com\/product\/tote-bag-casal-garcia\/","url":"https:\/\/casalgarcia.com\/product\/tote-bag-casal-garcia\/","name":"Casal Garcia-Tote Bag - Casal Garcia","isPartOf":{"@id":"https:\/\/casalgarcia.com\/#website"},"primaryImageOfPage":{"@id":"https:\/\/casalgarcia.com\/product\/tote-bag-casal-garcia\/#primaryimage"},"image":{"@id":"https:\/\/casalgarcia.com\/product\/tote-bag-casal-garcia\/#primaryimage"},"thumbnailUrl":"https:\/\/casalgarcia.com\/wp-content\/uploads\/2024\/06\/2-Tote-bag-Casal-Garcia.webp","datePublished":"2024-06-03T10:04:59+00:00","dateModified":"2024-09-02T17:04:43+00:00","breadcrumb":{"@id":"https:\/\/casalgarcia.com\/product\/tote-bag-casal-garcia\/#breadcrumb"},"inLanguage":"de","potentialAction":[{"@type":"ReadAction","target":["https:\/\/casalgarcia.com\/product\/tote-bag-casal-garcia\/"]}]},{"@type":"ImageObject","inLanguage":"de","@id":"https:\/\/casalgarcia.com\/product\/tote-bag-casal-garcia\/#primaryimage","url":"https:\/\/casalgarcia.com\/wp-content\/uploads\/2024\/06\/2-Tote-bag-Casal-Garcia.webp","contentUrl":"https:\/\/casalgarcia.com\/wp-content\/uploads\/2024\/06\/2-Tote-bag-Casal-Garcia.webp","width":1365,"height":2048,"caption":"Tote bag Casal Garcia"},{"@type":"BreadcrumbList","@id":"https:\/\/casalgarcia.com\/product\/tote-bag-casal-garcia\/#breadcrumb","itemListElement":[{"@type":"ListItem","position":1,"name":"In\u00edcio","item":"https:\/\/casalgarcia.com\/de\/"},{"@type":"ListItem","position":2,"name":"Produtos","item":"https:\/\/casalgarcia.com\/pt-br\/shop\/"},{"@type":"ListItem","position":3,"name":"Casal Garcia-Tote Bag"}]},{"@type":"WebSite","@id":"https:\/\/casalgarcia.com\/#website","url":"https:\/\/casalgarcia.com\/","name":"Casal Garcia","description":"","publisher":{"@id":"https:\/\/casalgarcia.com\/#organization"},"potentialAction":[{"@type":"SearchAction","target":{"@type":"EntryPoint","urlTemplate":"https:\/\/casalgarcia.com\/?s={search_term_string}"},"query-input":{"@type":"PropertyValueSpecification","valueRequired":true,"valueName":"search_term_string"}}],"inLanguage":"de"},{"@type":"Organization","@id":"https:\/\/casalgarcia.com\/#organization","name":"Casal Garcia","url":"https:\/\/casalgarcia.com\/","logo":{"@type":"ImageObject","inLanguage":"de","@id":"https:\/\/casalgarcia.com\/#\/schema\/logo\/image\/","url":"","contentUrl":"","caption":"Casal Garcia"},"image":{"@id":"https:\/\/casalgarcia.com\/#\/schema\/logo\/image\/"}}]}},"_links":{"self":[{"href":"https:\/\/casalgarcia.com\/de\/wp-json\/wp\/v2\/product\/9488","targetHints":{"allow":["GET"]}}],"collection":[{"href":"https:\/\/casalgarcia.com\/de\/wp-json\/wp\/v2\/product"}],"about":[{"href":"https:\/\/casalgarcia.com\/de\/wp-json\/wp\/v2\/types\/product"}],"wp:featuredmedia":[{"embeddable":true,"href":"https:\/\/casalgarcia.com\/de\/wp-json\/wp\/v2\/media\/4450"}],"wp:attachment":[{"href":"https:\/\/casalgarcia.com\/de\/wp-json\/wp\/v2\/media?parent=9488"}],"wp:term":[{"taxonomy":"product_brand","embeddable":true,"href":"https:\/\/casalgarcia.com\/de\/wp-json\/wp\/v2\/product_brand?post=9488"},{"taxonomy":"product_cat","embeddable":true,"href":"https:\/\/casalgarcia.com\/de\/wp-json\/wp\/v2\/product_cat?post=9488"},{"taxonomy":"product_tag","embeddable":true,"href":"https:\/\/casalgarcia.com\/de\/wp-json\/wp\/v2\/product_tag?post=9488"}],"curies":[{"name":"wp","href":"https:\/\/api.w.org\/{rel}","templated":true}]}}